{"id":1218,"date":"2025-07-29T14:27:04","date_gmt":"2025-07-29T14:27:04","guid":{"rendered":"https:\/\/empowersdgs.eu\/?page_id=1218"},"modified":"2025-07-29T14:35:11","modified_gmt":"2025-07-29T14:35:11","slug":"elementor-1218","status":"publish","type":"page","link":"https:\/\/empowersdgs.eu\/?page_id=1218&lang=tr","title":{"rendered":"Elementor #1218"},"content":{"rendered":"\t\t<div data-elementor-type=\"wp-page\" data-elementor-id=\"1218\" class=\"elementor elementor-1218\" data-elementor-post-type=\"page\">\n\t\t\t\t\t\t<section class=\"elementor-section elementor-top-section elementor-element elementor-element-40a3c31 elementor-section-boxed elementor-section-height-default elementor-section-height-default\" data-id=\"40a3c31\" data-element_type=\"section\" data-e-type=\"section\">\n\t\t\t\t\t\t<div class=\"elementor-container elementor-column-gap-default\">\n\t\t\t\t\t<div class=\"elementor-column elementor-col-100 elementor-top-column elementor-element elementor-element-83d6918\" data-id=\"83d6918\" data-element_type=\"column\" data-e-type=\"column\" data-settings=\"{&quot;background_background&quot;:&quot;classic&quot;}\">\n\t\t\t<div class=\"elementor-widget-wrap elementor-element-populated\">\n\t\t\t\t\t\t<div class=\"elementor-element elementor-element-bb872db elementor-nav-menu__align-center elementor-nav-menu--dropdown-tablet elementor-nav-menu__text-align-aside elementor-nav-menu--toggle elementor-nav-menu--burger elementor-widget elementor-widget-nav-menu\" data-id=\"bb872db\" data-element_type=\"widget\" data-e-type=\"widget\" data-settings=\"{&quot;layout&quot;:&quot;horizontal&quot;,&quot;submenu_icon&quot;:{&quot;value&quot;:&quot;&lt;svg aria-hidden=\\&quot;true\\&quot; class=\\&quot;e-font-icon-svg e-fas-caret-down\\&quot; viewBox=\\&quot;0 0 320 512\\&quot; xmlns=\\&quot;http:\\\/\\\/www.w3.org\\\/2000\\\/svg\\&quot;&gt;&lt;path d=\\&quot;M31.3 192h257.3c17.8 0 26.7 21.5 14.1 34.1L174.1 354.8c-7.8 7.8-20.5 7.8-28.3 0L17.2 226.1C4.6 213.5 13.5 192 31.3 192z\\&quot;&gt;&lt;\\\/path&gt;&lt;\\\/svg&gt;&quot;,&quot;library&quot;:&quot;fa-solid&quot;},&quot;toggle&quot;:&quot;burger&quot;}\" data-widget_type=\"nav-menu.default\">\n\t\t\t\t<div class=\"elementor-widget-container\">\n\t\t\t\t\t\t\t\t<nav aria-label=\"Menu\" class=\"elementor-nav-menu--main elementor-nav-menu__container elementor-nav-menu--layout-horizontal e--pointer-underline e--animation-fade\">\n\t\t\t\t<ul id=\"menu-1-bb872db\" class=\"elementor-nav-menu\"><li class=\"menu-item menu-item-type-post_type menu-item-object-page menu-item-home menu-item-493\"><a href=\"https:\/\/empowersdgs.eu\/\" class=\"elementor-item\">Home Base<\/a><\/li>\n<li class=\"menu-item menu-item-type-post_type menu-item-object-page menu-item-205\"><a href=\"https:\/\/empowersdgs.eu\/?page_id=204\" class=\"elementor-item\">Our Vision<\/a><\/li>\n<li class=\"menu-item menu-item-type-post_type menu-item-object-page menu-item-1282\"><a href=\"https:\/\/empowersdgs.eu\/?page_id=1127\" class=\"elementor-item\">Project Activities<\/a><\/li>\n<li class=\"menu-item menu-item-type-post_type menu-item-object-page menu-item-317\"><a href=\"https:\/\/empowersdgs.eu\/?page_id=316\" class=\"elementor-item\">Digital Map<\/a><\/li>\n<li class=\"menu-item menu-item-type-custom menu-item-object-custom menu-item-868\"><a href=\"https:\/\/play.unity.com\/en\/games\/480ac336-33cd-4c99-99a3-bbfc16c7e6d2\/empowersdgs\" class=\"elementor-item\">Gamification Experience<\/a><\/li>\n<li class=\"menu-item menu-item-type-custom menu-item-object-custom menu-item-24\"><a href=\"#pll_switcher\" class=\"elementor-item elementor-item-anchor\">Languages<\/a><\/li>\n<\/ul>\t\t\t<\/nav>\n\t\t\t\t\t<div class=\"elementor-menu-toggle\" role=\"button\" tabindex=\"0\" aria-label=\"Menu Toggle\" aria-expanded=\"false\">\n\t\t\t<svg aria-hidden=\"true\" role=\"presentation\" class=\"elementor-menu-toggle__icon--open e-font-icon-svg e-eicon-menu-bar\" viewBox=\"0 0 1000 1000\" xmlns=\"http:\/\/www.w3.org\/2000\/svg\"><path d=\"M104 333H896C929 333 958 304 958 271S929 208 896 208H104C71 208 42 237 42 271S71 333 104 333ZM104 583H896C929 583 958 554 958 521S929 458 896 458H104C71 458 42 487 42 521S71 583 104 583ZM104 833H896C929 833 958 804 958 771S929 708 896 708H104C71 708 42 737 42 771S71 833 104 833Z\"><\/path><\/svg><svg aria-hidden=\"true\" role=\"presentation\" class=\"elementor-menu-toggle__icon--close e-font-icon-svg e-eicon-close\" viewBox=\"0 0 1000 1000\" xmlns=\"http:\/\/www.w3.org\/2000\/svg\"><path d=\"M742 167L500 408 258 167C246 154 233 150 217 150 196 150 179 158 167 167 154 179 150 196 150 212 150 229 154 242 171 254L408 500 167 742C138 771 138 800 167 829 196 858 225 858 254 829L496 587 738 829C750 842 767 846 783 846 800 846 817 842 829 829 842 817 846 804 846 783 846 767 842 750 829 737L588 500 833 258C863 229 863 200 833 171 804 137 775 137 742 167Z\"><\/path><\/svg>\t\t<\/div>\n\t\t\t\t\t<nav class=\"elementor-nav-menu--dropdown elementor-nav-menu__container\" aria-hidden=\"true\">\n\t\t\t\t<ul id=\"menu-2-bb872db\" class=\"elementor-nav-menu\"><li class=\"menu-item menu-item-type-post_type menu-item-object-page menu-item-home menu-item-493\"><a href=\"https:\/\/empowersdgs.eu\/\" class=\"elementor-item\" tabindex=\"-1\">Home Base<\/a><\/li>\n<li class=\"menu-item menu-item-type-post_type menu-item-object-page menu-item-205\"><a href=\"https:\/\/empowersdgs.eu\/?page_id=204\" class=\"elementor-item\" tabindex=\"-1\">Our Vision<\/a><\/li>\n<li class=\"menu-item menu-item-type-post_type menu-item-object-page menu-item-1282\"><a href=\"https:\/\/empowersdgs.eu\/?page_id=1127\" class=\"elementor-item\" tabindex=\"-1\">Project Activities<\/a><\/li>\n<li class=\"menu-item menu-item-type-post_type menu-item-object-page menu-item-317\"><a href=\"https:\/\/empowersdgs.eu\/?page_id=316\" class=\"elementor-item\" tabindex=\"-1\">Digital Map<\/a><\/li>\n<li class=\"menu-item menu-item-type-custom menu-item-object-custom menu-item-868\"><a href=\"https:\/\/play.unity.com\/en\/games\/480ac336-33cd-4c99-99a3-bbfc16c7e6d2\/empowersdgs\" class=\"elementor-item\" tabindex=\"-1\">Gamification Experience<\/a><\/li>\n<li class=\"menu-item menu-item-type-custom menu-item-object-custom menu-item-24\"><a href=\"#pll_switcher\" class=\"elementor-item elementor-item-anchor\" tabindex=\"-1\">Languages<\/a><\/li>\n<\/ul>\t\t\t<\/nav>\n\t\t\t\t\t\t<\/div>\n\t\t\t\t<\/div>\n\t\t\t\t<div class=\"elementor-element elementor-element-ebae09f elementor-widget elementor-widget-spacer\" data-id=\"ebae09f\" data-element_type=\"widget\" data-e-type=\"widget\" data-widget_type=\"spacer.default\">\n\t\t\t\t<div class=\"elementor-widget-container\">\n\t\t\t\t\t\t\t<div class=\"elementor-spacer\">\n\t\t\t<div class=\"elementor-spacer-inner\"><\/div>\n\t\t<\/div>\n\t\t\t\t\t\t<\/div>\n\t\t\t\t<\/div>\n\t\t\t\t\t<\/div>\n\t\t<\/div>\n\t\t\t\t\t<\/div>\n\t\t<\/section>\n\t\t\t\t<section class=\"elementor-section elementor-top-section elementor-element elementor-element-09567b8 elementor-section-full_width elementor-section-height-default elementor-section-height-default\" data-id=\"09567b8\" data-element_type=\"section\" data-e-type=\"section\">\n\t\t\t\t\t\t<div class=\"elementor-container elementor-column-gap-no\">\n\t\t\t\t\t<div class=\"elementor-column elementor-col-100 elementor-top-column elementor-element elementor-element-0cecac9\" data-id=\"0cecac9\" data-element_type=\"column\" data-e-type=\"column\">\n\t\t\t<div class=\"elementor-widget-wrap elementor-element-populated\">\n\t\t\t\t\t\t<div class=\"elementor-element elementor-element-987b02f elementor-widget elementor-widget-text-editor\" data-id=\"987b02f\" data-element_type=\"widget\" data-e-type=\"widget\" data-widget_type=\"text-editor.default\">\n\t\t\t\t<div class=\"elementor-widget-container\">\n\t\t\t\t\t\t\t\t\t<h3>F1 &#8211; Proje Y\u00f6netimi, De\u011ferlendirme ve \u0130zleme<\/h3>\t\t\t\t\t\t\t\t<\/div>\n\t\t\t\t<\/div>\n\t\t\t\t<div class=\"elementor-element elementor-element-9d92163 elementor-widget elementor-widget-text-editor\" data-id=\"9d92163\" data-element_type=\"widget\" data-e-type=\"widget\" data-widget_type=\"text-editor.default\">\n\t\t\t\t<div class=\"elementor-widget-container\">\n\t\t\t\t\t\t\t\t\t<p>Y\u00f6netim yakla\u015f\u0131m\u0131m\u0131z, uyumlu ve etkili bir ortakl\u0131k sa\u011flayan kapsaml\u0131 bir dizi ilke ve metodolojiye dayanmaktad\u0131r. Koordinat\u00f6r AHORA, b\u00fct\u00fcnc\u00fcl bir yakla\u015f\u0131m benimseyerek projenin y\u00f6netiminde \u00f6nc\u00fc bir rol \u00fcstlenmektedir. Y\u00f6netim stratejisi, ortakl\u0131\u011f\u0131n EMPOWERSDGS projesinin ba\u015far\u0131s\u0131 ve etkinli\u011fi konusundaki kararl\u0131l\u0131\u011f\u0131n\u0131n alt\u0131n\u0131 \u00e7izmektedir. Ortakl\u0131k, etki \u00f6nlemleri ve potansiyel zorluklar\u0131n yan\u0131 s\u0131ra s\u0131k izleme raporlar\u0131 ve dijital toplant\u0131lar belirleyerek proje ya\u015fam d\u00f6ng\u00fcs\u00fc boyunca kesintisiz koordinasyon ve bilgi payla\u015f\u0131m\u0131na \u00f6ncelik vermektedir.<\/p>\t\t\t\t\t\t\t\t<\/div>\n\t\t\t\t<\/div>\n\t\t\t\t\t<\/div>\n\t\t<\/div>\n\t\t\t\t\t<\/div>\n\t\t<\/section>\n\t\t\t\t<section class=\"elementor-section elementor-top-section elementor-element elementor-element-e037154 elementor-section-full_width elementor-section-height-default elementor-section-height-default\" data-id=\"e037154\" data-element_type=\"section\" data-e-type=\"section\">\n\t\t\t\t\t\t<div class=\"elementor-container elementor-column-gap-no\">\n\t\t\t\t\t<div class=\"elementor-column elementor-col-100 elementor-top-column elementor-element elementor-element-b5ad742\" data-id=\"b5ad742\" data-element_type=\"column\" data-e-type=\"column\">\n\t\t\t<div class=\"elementor-widget-wrap elementor-element-populated\">\n\t\t\t\t\t\t<div class=\"elementor-element elementor-element-cb08253 elementor-widget elementor-widget-text-editor\" data-id=\"cb08253\" data-element_type=\"widget\" data-e-type=\"widget\" data-widget_type=\"text-editor.default\">\n\t\t\t\t<div class=\"elementor-widget-container\">\n\t\t\t\t\t\t\t\t\t<h3>F2 &#8211; Kapsay\u0131c\u0131l\u0131k Ara\u015ft\u0131rmas\u0131 i\u00e7in STK&#8217;lar\u0131n Oyunla\u015ft\u0131r\u0131larak \u00d6\u011frenilmesi<\/h3>\t\t\t\t\t\t\t\t<\/div>\n\t\t\t\t<\/div>\n\t\t\t\t<div class=\"elementor-element elementor-element-8c477be elementor-widget elementor-widget-text-editor\" data-id=\"8c477be\" data-element_type=\"widget\" data-e-type=\"widget\" data-widget_type=\"text-editor.default\">\n\t\t\t\t<div class=\"elementor-widget-container\">\n\t\t\t\t\t\t\t\t\t<p>Faaliyet 2 s\u0131ras\u0131nda ortaklar, \u00f6zellikle hassas gruplara fayda sa\u011flayan giri\u015fimlere odaklanarak, farkl\u0131 Avrupa Birli\u011fi \u00fclkelerindeki STK&#8217;larla ilgili iyi uygulamalar\u0131 ara\u015ft\u0131racaklard\u0131r. En iyi uygulamalar\u0131n toplanmas\u0131, bu Faaliyetin iki \u00e7\u0131kt\u0131s\u0131 olan &#8220;Kapsay\u0131c\u0131l\u0131k i\u00e7in STK&#8217;lar\u0131n Oyunla\u015ft\u0131r\u0131larak \u00d6\u011frenilmesi Ara\u015ft\u0131rmas\u0131&#8221; ve bu proje web sitesinde interaktif bir sanal &#8220;En \u0130yi Uygulamalar Haritas\u0131 &#8220;na dahil edilecektir. Faaliyet 2&#8217;nin sonu\u00e7lar\u0131, e\u011fitim m\u00fcfredat\u0131n\u0131n ve oyunla\u015ft\u0131rma deneyiminin daha sonraki geli\u015fimi i\u00e7in faydal\u0131 olacakt\u0131r.<\/p>\t\t\t\t\t\t\t\t<\/div>\n\t\t\t\t<\/div>\n\t\t\t\t<div class=\"elementor-element elementor-element-db3d38b elementor-align-center elementor-widget elementor-widget-button\" data-id=\"db3d38b\" data-element_type=\"widget\" data-e-type=\"widget\" data-widget_type=\"button.default\">\n\t\t\t\t<div class=\"elementor-widget-container\">\n\t\t\t\t\t\t\t\t\t<div class=\"elementor-button-wrapper\">\n\t\t\t\t\t<a class=\"elementor-button elementor-button-link elementor-size-sm\" href=\"https:\/\/empowersdgs.eu\/wp-content\/uploads\/2025\/07\/A2.Gamifying-SDGs-Learning-for-Inclusion-Research_TR.pdf\">\n\t\t\t\t\t\t<span class=\"elementor-button-content-wrapper\">\n\t\t\t\t\t\t\t\t\t<span class=\"elementor-button-text\">Read the pdf here<\/span>\n\t\t\t\t\t<\/span>\n\t\t\t\t\t<\/a>\n\t\t\t\t<\/div>\n\t\t\t\t\t\t\t\t<\/div>\n\t\t\t\t<\/div>\n\t\t\t\t\t<\/div>\n\t\t<\/div>\n\t\t\t\t\t<\/div>\n\t\t<\/section>\n\t\t\t\t<section class=\"elementor-section elementor-top-section elementor-element elementor-element-441c2fc elementor-section-full_width elementor-section-height-default elementor-section-height-default\" data-id=\"441c2fc\" data-element_type=\"section\" data-e-type=\"section\">\n\t\t\t\t\t\t<div class=\"elementor-container elementor-column-gap-no\">\n\t\t\t\t\t<div class=\"elementor-column elementor-col-100 elementor-top-column elementor-element elementor-element-a3e81ec\" data-id=\"a3e81ec\" data-element_type=\"column\" data-e-type=\"column\">\n\t\t\t<div class=\"elementor-widget-wrap elementor-element-populated\">\n\t\t\t\t\t\t<div class=\"elementor-element elementor-element-344cc9a elementor-widget elementor-widget-text-editor\" data-id=\"344cc9a\" data-element_type=\"widget\" data-e-type=\"widget\" data-widget_type=\"text-editor.default\">\n\t\t\t\t<div class=\"elementor-widget-container\">\n\t\t\t\t\t\t\t\t\t<h3>F3 &#8211; Profesyoneller ve gen\u00e7ler i\u00e7in E\u011fitim M\u00fcfredat\u0131<\/h3>\t\t\t\t\t\t\t\t<\/div>\n\t\t\t\t<\/div>\n\t\t\t\t<div class=\"elementor-element elementor-element-0bbac93 elementor-widget elementor-widget-text-editor\" data-id=\"0bbac93\" data-element_type=\"widget\" data-e-type=\"widget\" data-widget_type=\"text-editor.default\">\n\t\t\t\t<div class=\"elementor-widget-container\">\n\t\t\t\t\t\t\t\t\t<p>Bu Faaliyetin temel amac\u0131, hem profesyonelleri (gen\u00e7lik \u00e7al\u0131\u015fanlar\u0131) hem de hassas durumdaki gen\u00e7leri STK&#8217;lar\u0131n etkili bir \u015fekilde \u00f6\u011frenilmesi i\u00e7in gereken bilgi, beceri, faaliyet ve ara\u00e7larla donatan &#8216;EMPOWER SDGss E\u011fitim M\u00fcfredat\u0131&#8217; ba\u015fl\u0131kl\u0131 kapsaml\u0131 bir e\u011fitim m\u00fcfredat\u0131 geli\u015ftirmektir. E\u011fitim M\u00fcfredat\u0131, \u00f6\u011frencilerin 2030 G\u00fcndemi ve 17 STK hakk\u0131nda temel bir anlay\u0131\u015f kazanmalar\u0131na yard\u0131mc\u0131 olacak pedagojik bir ara\u00e7 olacak ve daha sonra Pilot Oturumlar\u0131 uygulamak i\u00e7in profesyoneller (gen\u00e7lik \u00e7al\u0131\u015fanlar\u0131) i\u00e7in bir rehber g\u00f6revi g\u00f6recektir. M\u00fcfredat, 2030 G\u00fcndemine giri\u015f, gen\u00e7lerin iklim de\u011fi\u015fikli\u011fi ile ilgili olarak yerel, ulusal ve uluslararas\u0131 d\u00fczeylerde aktif rol oynamalar\u0131n\u0131n \u00f6nemi, sorumluluk ve kat\u0131l\u0131m duygusunun geli\u015ftirilmesi konular\u0131n\u0131 i\u00e7erecektir.<br \/>toplumunun yan\u0131 s\u0131ra 17 STK&#8217;ya ili\u015fkin kapsaml\u0131 bir \u00e7al\u0131\u015fma.<\/p>\t\t\t\t\t\t\t\t<\/div>\n\t\t\t\t<\/div>\n\t\t\t\t<div class=\"elementor-element elementor-element-833ca91 elementor-align-center elementor-widget elementor-widget-button\" data-id=\"833ca91\" data-element_type=\"widget\" data-e-type=\"widget\" data-widget_type=\"button.default\">\n\t\t\t\t<div class=\"elementor-widget-container\">\n\t\t\t\t\t\t\t\t\t<div class=\"elementor-button-wrapper\">\n\t\t\t\t\t<a class=\"elementor-button elementor-button-link elementor-size-sm\" href=\"https:\/\/empowersdgs.eu\/wp-content\/uploads\/2025\/07\/REFINED_TRAINING-CURRICULUM_TR.pdf\">\n\t\t\t\t\t\t<span class=\"elementor-button-content-wrapper\">\n\t\t\t\t\t\t\t\t\t<span class=\"elementor-button-text\">Read the pdf here<\/span>\n\t\t\t\t\t<\/span>\n\t\t\t\t\t<\/a>\n\t\t\t\t<\/div>\n\t\t\t\t\t\t\t\t<\/div>\n\t\t\t\t<\/div>\n\t\t\t\t\t<\/div>\n\t\t<\/div>\n\t\t\t\t\t<\/div>\n\t\t<\/section>\n\t\t\t\t<section class=\"elementor-section elementor-top-section elementor-element elementor-element-9b8d156 elementor-section-full_width elementor-section-height-default elementor-section-height-default\" data-id=\"9b8d156\" data-element_type=\"section\" data-e-type=\"section\">\n\t\t\t\t\t\t<div class=\"elementor-container elementor-column-gap-no\">\n\t\t\t\t\t<div class=\"elementor-column elementor-col-100 elementor-top-column elementor-element elementor-element-862e7e4\" data-id=\"862e7e4\" data-element_type=\"column\" data-e-type=\"column\">\n\t\t\t<div class=\"elementor-widget-wrap elementor-element-populated\">\n\t\t\t\t\t\t<div class=\"elementor-element elementor-element-0f19f42 elementor-widget elementor-widget-text-editor\" data-id=\"0f19f42\" data-element_type=\"widget\" data-e-type=\"widget\" data-widget_type=\"text-editor.default\">\n\t\t\t\t<div class=\"elementor-widget-container\">\n\t\t\t\t\t\t\t\t\t<h3>F4 &#8211; STK&#8217;lar\u0131 G\u00dc\u00c7LEND\u0130R\u0130N Oyunla\u015ft\u0131rma Deneyimi<\/h3>\t\t\t\t\t\t\t\t<\/div>\n\t\t\t\t<\/div>\n\t\t\t\t<div class=\"elementor-element elementor-element-a57df45 elementor-widget elementor-widget-text-editor\" data-id=\"a57df45\" data-element_type=\"widget\" data-e-type=\"widget\" data-widget_type=\"text-editor.default\">\n\t\t\t\t<div class=\"elementor-widget-container\">\n\t\t\t\t\t\t\t\t\t<p>Faaliyet 4 s\u0131ras\u0131nda ortaklar, Avrupal\u0131 gen\u00e7ler, \u00f6zellikle de savunmas\u0131z gen\u00e7ler i\u00e7in &#8220;EmpowerSDGs Oyunla\u015ft\u0131rma Deneyimi &#8220;ni i\u00e7eren interaktif bir web platformu geli\u015ftirecektir. Ama\u00e7, iki hedef grubu (gen\u00e7lik \u00e7al\u0131\u015fanlar\u0131 ve gen\u00e7 az\u0131nl\u0131klar) 17 STK ile ilgili tart\u0131\u015fmalara ve faaliyetlere aktif olarak dahil etmektir. Oyunla\u015ft\u0131rma deneyimine entegre edilen s\u0131navlar, etkinlikler ve zorluklar gibi etkile\u015fimli unsurlar sayesinde platform, gen\u00e7lerin bilgi, beceri ve yeterliliklerini art\u0131racakt\u0131r. Platform do\u011frudan proje web sitesine ba\u011flanacakt\u0131r.<\/p>\t\t\t\t\t\t\t\t<\/div>\n\t\t\t\t<\/div>\n\t\t\t\t<div class=\"elementor-element elementor-element-8755b54 elementor-align-center elementor-widget elementor-widget-button\" data-id=\"8755b54\" data-element_type=\"widget\" data-e-type=\"widget\" data-widget_type=\"button.default\">\n\t\t\t\t<div class=\"elementor-widget-container\">\n\t\t\t\t\t\t\t\t\t<div class=\"elementor-button-wrapper\">\n\t\t\t\t\t<a class=\"elementor-button elementor-button-link elementor-size-sm\" href=\"https:\/\/play.unity.com\/en\/games\/08fa83e9-94d3-4958-888c-103f9ecce025\/empowersdgs\">\n\t\t\t\t\t\t<span class=\"elementor-button-content-wrapper\">\n\t\t\t\t\t\t\t\t\t<span class=\"elementor-button-text\">Gamification Experience<\/span>\n\t\t\t\t\t<\/span>\n\t\t\t\t\t<\/a>\n\t\t\t\t<\/div>\n\t\t\t\t\t\t\t\t<\/div>\n\t\t\t\t<\/div>\n\t\t\t\t\t<\/div>\n\t\t<\/div>\n\t\t\t\t\t<\/div>\n\t\t<\/section>\n\t\t\t\t<section class=\"elementor-section elementor-top-section elementor-element elementor-element-73d9a6c elementor-section-full_width elementor-section-height-default elementor-section-height-default\" data-id=\"73d9a6c\" data-element_type=\"section\" data-e-type=\"section\">\n\t\t\t\t\t\t<div class=\"elementor-container elementor-column-gap-no\">\n\t\t\t\t\t<div class=\"elementor-column elementor-col-100 elementor-top-column elementor-element elementor-element-d276bad\" data-id=\"d276bad\" data-element_type=\"column\" data-e-type=\"column\">\n\t\t\t<div class=\"elementor-widget-wrap elementor-element-populated\">\n\t\t\t\t\t\t<div class=\"elementor-element elementor-element-7c0231b elementor-widget elementor-widget-text-editor\" data-id=\"7c0231b\" data-element_type=\"widget\" data-e-type=\"widget\" data-widget_type=\"text-editor.default\">\n\t\t\t\t<div class=\"elementor-widget-container\">\n\t\t\t\t\t\t\t\t\t<h3>F5 &#8211; Pilot oturumlar<\/h3>\t\t\t\t\t\t\t\t<\/div>\n\t\t\t\t<\/div>\n\t\t\t\t<div class=\"elementor-element elementor-element-859fcc5 elementor-widget elementor-widget-text-editor\" data-id=\"859fcc5\" data-element_type=\"widget\" data-e-type=\"widget\" data-widget_type=\"text-editor.default\">\n\t\t\t\t<div class=\"elementor-widget-container\">\n\t\t\t\t\t\t\t\t\t<p>EmpowerSDGs Oyunla\u015ft\u0131rma Deneyimi, 1. Kapasite Art\u0131r\u0131m\u0131nda ortak kurulu\u015flardan profesyoneller taraf\u0131ndan test edilecektir. 2. Kapasite Geli\u015ftirme s\u0131ras\u0131nda, e\u011fitim m\u00fcfredat\u0131n\u0131n nas\u0131l \u00f6\u011fretilece\u011fi konusunda e\u011fitileceklerdir.<\/p>\t\t\t\t\t\t\t\t<\/div>\n\t\t\t\t<\/div>\n\t\t\t\t\t<\/div>\n\t\t<\/div>\n\t\t\t\t\t<\/div>\n\t\t<\/section>\n\t\t\t\t<section class=\"elementor-section elementor-top-section elementor-element elementor-element-57e1a05 elementor-section-full_width elementor-section-height-default elementor-section-height-default\" data-id=\"57e1a05\" data-element_type=\"section\" data-e-type=\"section\">\n\t\t\t\t\t\t<div class=\"elementor-container elementor-column-gap-no\">\n\t\t\t\t\t<div class=\"elementor-column elementor-col-100 elementor-top-column elementor-element elementor-element-c07b80b\" data-id=\"c07b80b\" data-element_type=\"column\" data-e-type=\"column\">\n\t\t\t<div class=\"elementor-widget-wrap elementor-element-populated\">\n\t\t\t\t\t\t<div class=\"elementor-element elementor-element-6cadf7f elementor-widget elementor-widget-text-editor\" data-id=\"6cadf7f\" data-element_type=\"widget\" data-e-type=\"widget\" data-widget_type=\"text-editor.default\">\n\t\t\t\t<div class=\"elementor-widget-container\">\n\t\t\t\t\t\t\t\t\t<h3>F6 &#8211; Yayg\u0131nla\u015ft\u0131rma, ileti\u015fim ve s\u00fcrd\u00fcr\u00fclebilirlik<\/h3>\t\t\t\t\t\t\t\t<\/div>\n\t\t\t\t<\/div>\n\t\t\t\t<div class=\"elementor-element elementor-element-e7459e9 elementor-widget elementor-widget-text-editor\" data-id=\"e7459e9\" data-element_type=\"widget\" data-e-type=\"widget\" data-widget_type=\"text-editor.default\">\n\t\t\t\t<div class=\"elementor-widget-container\">\n\t\t\t\t\t\t\t\t\t<p>Bu Faaliyetin ana sonu\u00e7lar\u0131, proje yayg\u0131nla\u015ft\u0131rma stratejisinin geli\u015ftirilmesi ve t\u00fcm tan\u0131t\u0131m faaliyetlerinin uygulanmas\u0131 olacakt\u0131r. Her bir ortak \u00fclkedeki (\u0130spanya, S\u0131rbistan, T\u00fcrkiye) \u00c7o\u011falt\u0131c\u0131 Etkinlikler ve Atina, Yunanistan&#8217;daki Final Konferans\u0131 bu Faaliyet kapsam\u0131nda d\u00fczenlenecektir.<br \/>Sosyal medya hesaplar\u0131n\u0131n aktif kullan\u0131m\u0131 ve web sitesinin dinamik olarak g\u00fcncellenmesi, d\u00fczenli ziyaret\u00e7ilerden olu\u015fan kritik bir kitleyi koruyacak ve projeye y\u00fcksek g\u00f6r\u00fcn\u00fcrl\u00fck kazand\u0131racakt\u0131r.<\/p>\t\t\t\t\t\t\t\t<\/div>\n\t\t\t\t<\/div>\n\t\t\t\t\t<\/div>\n\t\t<\/div>\n\t\t\t\t\t<\/div>\n\t\t<\/section>\n\t\t\t\t<\/div>\n\t\t","protected":false},"excerpt":{"rendered":"<p>F1 &#8211; Proje Y\u00f6netimi, De\u011ferlendirme ve \u0130zleme Y\u00f6netim yakla\u015f\u0131m\u0131m\u0131z, uyumlu ve etkili bir ortakl\u0131k sa\u011flayan kapsaml\u0131 bir dizi ilke ve metodolojiye dayanmaktad\u0131r. Koordinat\u00f6r AHORA, b\u00fct\u00fcnc\u00fcl bir yakla\u015f\u0131m benimseyerek projenin y\u00f6netiminde \u00f6nc\u00fc bir rol \u00fcstlenmektedir. Y\u00f6netim stratejisi, ortakl\u0131\u011f\u0131n EMPOWERSDGS projesinin ba\u015far\u0131s\u0131 ve etkinli\u011fi konusundaki kararl\u0131l\u0131\u011f\u0131n\u0131n alt\u0131n\u0131 \u00e7izmektedir. Ortakl\u0131k, etki \u00f6nlemleri ve potansiyel zorluklar\u0131n yan\u0131 s\u0131ra s\u0131k&#8230;<\/p>\n","protected":false},"author":1,"featured_media":0,"parent":0,"menu_order":0,"comment_status":"closed","ping_status":"closed","template":"","meta":{"footnotes":""},"class_list":["post-1218","page","type-page","status-publish","hentry"],"_links":{"self":[{"href":"https:\/\/empowersdgs.eu\/index.php?rest_route=\/wp\/v2\/pages\/1218","targetHints":{"allow":["GET"]}}],"collection":[{"href":"https:\/\/empowersdgs.eu\/index.php?rest_route=\/wp\/v2\/pages"}],"about":[{"href":"https:\/\/empowersdgs.eu\/index.php?rest_route=\/wp\/v2\/types\/page"}],"author":[{"embeddable":true,"href":"https:\/\/empowersdgs.eu\/index.php?rest_route=\/wp\/v2\/users\/1"}],"replies":[{"embeddable":true,"href":"https:\/\/empowersdgs.eu\/index.php?rest_route=%2Fwp%2Fv2%2Fcomments&post=1218"}],"version-history":[{"count":7,"href":"https:\/\/empowersdgs.eu\/index.php?rest_route=\/wp\/v2\/pages\/1218\/revisions"}],"predecessor-version":[{"id":1261,"href":"https:\/\/empowersdgs.eu\/index.php?rest_route=\/wp\/v2\/pages\/1218\/revisions\/1261"}],"wp:attachment":[{"href":"https:\/\/empowersdgs.eu\/index.php?rest_route=%2Fwp%2Fv2%2Fmedia&parent=1218"}],"curies":[{"name":"wp","href":"https:\/\/api.w.org\/{rel}","templated":true}]}}