{"id":1207,"date":"2025-07-29T14:22:39","date_gmt":"2025-07-29T14:22:39","guid":{"rendered":"https:\/\/empowersdgs.eu\/?page_id=1207"},"modified":"2025-07-29T14:34:33","modified_gmt":"2025-07-29T14:34:33","slug":"elementor-1207","status":"publish","type":"page","link":"https:\/\/empowersdgs.eu\/?page_id=1207&lang=sr","title":{"rendered":"Elementor #1207"},"content":{"rendered":"\t\t<div data-elementor-type=\"wp-page\" data-elementor-id=\"1207\" class=\"elementor elementor-1207\" data-elementor-post-type=\"page\">\n\t\t\t\t\t\t<section class=\"elementor-section elementor-top-section elementor-element elementor-element-40a3c31 elementor-section-boxed elementor-section-height-default elementor-section-height-default\" data-id=\"40a3c31\" data-element_type=\"section\" data-e-type=\"section\">\n\t\t\t\t\t\t<div class=\"elementor-container elementor-column-gap-default\">\n\t\t\t\t\t<div class=\"elementor-column elementor-col-100 elementor-top-column elementor-element elementor-element-83d6918\" data-id=\"83d6918\" data-element_type=\"column\" data-e-type=\"column\" data-settings=\"{&quot;background_background&quot;:&quot;classic&quot;}\">\n\t\t\t<div class=\"elementor-widget-wrap elementor-element-populated\">\n\t\t\t\t\t\t<div class=\"elementor-element elementor-element-bb872db elementor-nav-menu__align-center elementor-nav-menu--dropdown-tablet elementor-nav-menu__text-align-aside elementor-nav-menu--toggle elementor-nav-menu--burger elementor-widget elementor-widget-nav-menu\" data-id=\"bb872db\" data-element_type=\"widget\" data-e-type=\"widget\" data-settings=\"{&quot;layout&quot;:&quot;horizontal&quot;,&quot;submenu_icon&quot;:{&quot;value&quot;:&quot;&lt;svg aria-hidden=\\&quot;true\\&quot; class=\\&quot;e-font-icon-svg e-fas-caret-down\\&quot; viewBox=\\&quot;0 0 320 512\\&quot; xmlns=\\&quot;http:\\\/\\\/www.w3.org\\\/2000\\\/svg\\&quot;&gt;&lt;path d=\\&quot;M31.3 192h257.3c17.8 0 26.7 21.5 14.1 34.1L174.1 354.8c-7.8 7.8-20.5 7.8-28.3 0L17.2 226.1C4.6 213.5 13.5 192 31.3 192z\\&quot;&gt;&lt;\\\/path&gt;&lt;\\\/svg&gt;&quot;,&quot;library&quot;:&quot;fa-solid&quot;},&quot;toggle&quot;:&quot;burger&quot;}\" data-widget_type=\"nav-menu.default\">\n\t\t\t\t<div class=\"elementor-widget-container\">\n\t\t\t\t\t\t\t\t<nav aria-label=\"Menu\" class=\"elementor-nav-menu--main elementor-nav-menu__container elementor-nav-menu--layout-horizontal e--pointer-underline e--animation-fade\">\n\t\t\t\t<ul id=\"menu-1-bb872db\" class=\"elementor-nav-menu\"><li class=\"menu-item menu-item-type-post_type menu-item-object-page menu-item-home menu-item-493\"><a href=\"https:\/\/empowersdgs.eu\/\" class=\"elementor-item\">Home Base<\/a><\/li>\n<li class=\"menu-item menu-item-type-post_type menu-item-object-page menu-item-205\"><a href=\"https:\/\/empowersdgs.eu\/?page_id=204\" class=\"elementor-item\">Our Vision<\/a><\/li>\n<li class=\"menu-item menu-item-type-post_type menu-item-object-page menu-item-1282\"><a href=\"https:\/\/empowersdgs.eu\/?page_id=1127\" class=\"elementor-item\">Project Activities<\/a><\/li>\n<li class=\"menu-item menu-item-type-post_type menu-item-object-page menu-item-317\"><a href=\"https:\/\/empowersdgs.eu\/?page_id=316\" class=\"elementor-item\">Digital Map<\/a><\/li>\n<li class=\"menu-item menu-item-type-custom menu-item-object-custom menu-item-868\"><a href=\"https:\/\/play.unity.com\/en\/games\/480ac336-33cd-4c99-99a3-bbfc16c7e6d2\/empowersdgs\" class=\"elementor-item\">Gamification Experience<\/a><\/li>\n<li class=\"menu-item menu-item-type-custom menu-item-object-custom menu-item-24\"><a href=\"#pll_switcher\" class=\"elementor-item elementor-item-anchor\">Languages<\/a><\/li>\n<\/ul>\t\t\t<\/nav>\n\t\t\t\t\t<div class=\"elementor-menu-toggle\" role=\"button\" tabindex=\"0\" aria-label=\"Menu Toggle\" aria-expanded=\"false\">\n\t\t\t<svg aria-hidden=\"true\" role=\"presentation\" class=\"elementor-menu-toggle__icon--open e-font-icon-svg e-eicon-menu-bar\" viewBox=\"0 0 1000 1000\" xmlns=\"http:\/\/www.w3.org\/2000\/svg\"><path d=\"M104 333H896C929 333 958 304 958 271S929 208 896 208H104C71 208 42 237 42 271S71 333 104 333ZM104 583H896C929 583 958 554 958 521S929 458 896 458H104C71 458 42 487 42 521S71 583 104 583ZM104 833H896C929 833 958 804 958 771S929 708 896 708H104C71 708 42 737 42 771S71 833 104 833Z\"><\/path><\/svg><svg aria-hidden=\"true\" role=\"presentation\" class=\"elementor-menu-toggle__icon--close e-font-icon-svg e-eicon-close\" viewBox=\"0 0 1000 1000\" xmlns=\"http:\/\/www.w3.org\/2000\/svg\"><path d=\"M742 167L500 408 258 167C246 154 233 150 217 150 196 150 179 158 167 167 154 179 150 196 150 212 150 229 154 242 171 254L408 500 167 742C138 771 138 800 167 829 196 858 225 858 254 829L496 587 738 829C750 842 767 846 783 846 800 846 817 842 829 829 842 817 846 804 846 783 846 767 842 750 829 737L588 500 833 258C863 229 863 200 833 171 804 137 775 137 742 167Z\"><\/path><\/svg>\t\t<\/div>\n\t\t\t\t\t<nav class=\"elementor-nav-menu--dropdown elementor-nav-menu__container\" aria-hidden=\"true\">\n\t\t\t\t<ul id=\"menu-2-bb872db\" class=\"elementor-nav-menu\"><li class=\"menu-item menu-item-type-post_type menu-item-object-page menu-item-home menu-item-493\"><a href=\"https:\/\/empowersdgs.eu\/\" class=\"elementor-item\" tabindex=\"-1\">Home Base<\/a><\/li>\n<li class=\"menu-item menu-item-type-post_type menu-item-object-page menu-item-205\"><a href=\"https:\/\/empowersdgs.eu\/?page_id=204\" class=\"elementor-item\" tabindex=\"-1\">Our Vision<\/a><\/li>\n<li class=\"menu-item menu-item-type-post_type menu-item-object-page menu-item-1282\"><a href=\"https:\/\/empowersdgs.eu\/?page_id=1127\" class=\"elementor-item\" tabindex=\"-1\">Project Activities<\/a><\/li>\n<li class=\"menu-item menu-item-type-post_type menu-item-object-page menu-item-317\"><a href=\"https:\/\/empowersdgs.eu\/?page_id=316\" class=\"elementor-item\" tabindex=\"-1\">Digital Map<\/a><\/li>\n<li class=\"menu-item menu-item-type-custom menu-item-object-custom menu-item-868\"><a href=\"https:\/\/play.unity.com\/en\/games\/480ac336-33cd-4c99-99a3-bbfc16c7e6d2\/empowersdgs\" class=\"elementor-item\" tabindex=\"-1\">Gamification Experience<\/a><\/li>\n<li class=\"menu-item menu-item-type-custom menu-item-object-custom menu-item-24\"><a href=\"#pll_switcher\" class=\"elementor-item elementor-item-anchor\" tabindex=\"-1\">Languages<\/a><\/li>\n<\/ul>\t\t\t<\/nav>\n\t\t\t\t\t\t<\/div>\n\t\t\t\t<\/div>\n\t\t\t\t<div class=\"elementor-element elementor-element-ebae09f elementor-widget elementor-widget-spacer\" data-id=\"ebae09f\" data-element_type=\"widget\" data-e-type=\"widget\" data-widget_type=\"spacer.default\">\n\t\t\t\t<div class=\"elementor-widget-container\">\n\t\t\t\t\t\t\t<div class=\"elementor-spacer\">\n\t\t\t<div class=\"elementor-spacer-inner\"><\/div>\n\t\t<\/div>\n\t\t\t\t\t\t<\/div>\n\t\t\t\t<\/div>\n\t\t\t\t\t<\/div>\n\t\t<\/div>\n\t\t\t\t\t<\/div>\n\t\t<\/section>\n\t\t\t\t<section class=\"elementor-section elementor-top-section elementor-element elementor-element-09567b8 elementor-section-full_width elementor-section-height-default elementor-section-height-default\" data-id=\"09567b8\" data-element_type=\"section\" data-e-type=\"section\">\n\t\t\t\t\t\t<div class=\"elementor-container elementor-column-gap-no\">\n\t\t\t\t\t<div class=\"elementor-column elementor-col-100 elementor-top-column elementor-element elementor-element-0cecac9\" data-id=\"0cecac9\" data-element_type=\"column\" data-e-type=\"column\">\n\t\t\t<div class=\"elementor-widget-wrap elementor-element-populated\">\n\t\t\t\t\t\t<div class=\"elementor-element elementor-element-987b02f elementor-widget elementor-widget-text-editor\" data-id=\"987b02f\" data-element_type=\"widget\" data-e-type=\"widget\" data-widget_type=\"text-editor.default\">\n\t\t\t\t<div class=\"elementor-widget-container\">\n\t\t\t\t\t\t\t\t\t<h3>A1 &#8211; Upravljanje projektom, evaluacija i prac\u0301enje<\/h3>\t\t\t\t\t\t\t\t<\/div>\n\t\t\t\t<\/div>\n\t\t\t\t<div class=\"elementor-element elementor-element-9d92163 elementor-widget elementor-widget-text-editor\" data-id=\"9d92163\" data-element_type=\"widget\" data-e-type=\"widget\" data-widget_type=\"text-editor.default\">\n\t\t\t\t<div class=\"elementor-widget-container\">\n\t\t\t\t\t\t\t\t\t<p>Na\u0161 pristup menad\u017ementu je zasnovan na sveobuhvatnom skupu principa i metodologija koje osiguravaju kohezivno i efikasno partnerstvo. Koordinator, AHORA, preuzima vodec\u0301u ulogu u upravljanju projektom, usvajajuc\u0301i holisti\u010dki pristup. Strategija upravljanja nagla\u0161ava posvec\u0301enost partnerstva uspehu i efektivnosti projekta EMPOVERSDGS. Partnerstvo daje prioritet besprekornoj koordinaciji i razmeni informacija tokom \u017eivotnog ciklusa projekta tako \u0161to identifikuje mere uticaja i potencijalne izazove, kao i \u010deste izve\u0161taje o prac\u0301enju i digitalne sastanke.<\/p>\t\t\t\t\t\t\t\t<\/div>\n\t\t\t\t<\/div>\n\t\t\t\t\t<\/div>\n\t\t<\/div>\n\t\t\t\t\t<\/div>\n\t\t<\/section>\n\t\t\t\t<section class=\"elementor-section elementor-top-section elementor-element elementor-element-e037154 elementor-section-full_width elementor-section-height-default elementor-section-height-default\" data-id=\"e037154\" data-element_type=\"section\" data-e-type=\"section\">\n\t\t\t\t\t\t<div class=\"elementor-container elementor-column-gap-no\">\n\t\t\t\t\t<div class=\"elementor-column elementor-col-100 elementor-top-column elementor-element elementor-element-b5ad742\" data-id=\"b5ad742\" data-element_type=\"column\" data-e-type=\"column\">\n\t\t\t<div class=\"elementor-widget-wrap elementor-element-populated\">\n\t\t\t\t\t\t<div class=\"elementor-element elementor-element-cb08253 elementor-widget elementor-widget-text-editor\" data-id=\"cb08253\" data-element_type=\"widget\" data-e-type=\"widget\" data-widget_type=\"text-editor.default\">\n\t\t\t\t<div class=\"elementor-widget-container\">\n\t\t\t\t\t\t\t\t\t<h3>A2 &#8211; Gamificiranje SDG u\u010denja za istra\u017eivanje inkluzije<\/h3>\t\t\t\t\t\t\t\t<\/div>\n\t\t\t\t<\/div>\n\t\t\t\t<div class=\"elementor-element elementor-element-8c477be elementor-widget elementor-widget-text-editor\" data-id=\"8c477be\" data-element_type=\"widget\" data-e-type=\"widget\" data-widget_type=\"text-editor.default\">\n\t\t\t\t<div class=\"elementor-widget-container\">\n\t\t\t\t\t\t\t\t\t<p>Tokom AKTIVNOSTI 2, partneri c\u0301e istra\u017eiti dobre prakse u vezi sa ciljevima odr\u017eivog razvoja (COR) u razli\u010ditim zemljama Evropske unije, sa posebnim fokusom na inicijative koje koriste ranjivim grupama. Zbirka najboljih praksi c\u0301e biti uklju\u010dena u dva rezultata ove aktivnosti, \u201eGimifikovanje COR u\u010denja za istra\u017eivanje inkluzije\u201c i u interaktivnu virtuelnu \u201eMapu najboljih praksi\u201c na ovoj veb stranici projekta. Rezultati aktivnosti 2 c\u0301e biti korisni za kasniji razvoj nastavnog plana i programa obuke i iskustva gejmifikacije.<\/p>\t\t\t\t\t\t\t\t<\/div>\n\t\t\t\t<\/div>\n\t\t\t\t<div class=\"elementor-element elementor-element-db3d38b elementor-align-center elementor-widget elementor-widget-button\" data-id=\"db3d38b\" data-element_type=\"widget\" data-e-type=\"widget\" data-widget_type=\"button.default\">\n\t\t\t\t<div class=\"elementor-widget-container\">\n\t\t\t\t\t\t\t\t\t<div class=\"elementor-button-wrapper\">\n\t\t\t\t\t<a class=\"elementor-button elementor-button-link elementor-size-sm\" href=\"https:\/\/empowersdgs.eu\/wp-content\/uploads\/2025\/07\/A2.Gamifying-SDGs-Learning-for-Inclusion-Research_SR.pdf\">\n\t\t\t\t\t\t<span class=\"elementor-button-content-wrapper\">\n\t\t\t\t\t\t\t\t\t<span class=\"elementor-button-text\">Read the pdf here<\/span>\n\t\t\t\t\t<\/span>\n\t\t\t\t\t<\/a>\n\t\t\t\t<\/div>\n\t\t\t\t\t\t\t\t<\/div>\n\t\t\t\t<\/div>\n\t\t\t\t\t<\/div>\n\t\t<\/div>\n\t\t\t\t\t<\/div>\n\t\t<\/section>\n\t\t\t\t<section class=\"elementor-section elementor-top-section elementor-element elementor-element-441c2fc elementor-section-full_width elementor-section-height-default elementor-section-height-default\" data-id=\"441c2fc\" data-element_type=\"section\" data-e-type=\"section\">\n\t\t\t\t\t\t<div class=\"elementor-container elementor-column-gap-no\">\n\t\t\t\t\t<div class=\"elementor-column elementor-col-100 elementor-top-column elementor-element elementor-element-a3e81ec\" data-id=\"a3e81ec\" data-element_type=\"column\" data-e-type=\"column\">\n\t\t\t<div class=\"elementor-widget-wrap elementor-element-populated\">\n\t\t\t\t\t\t<div class=\"elementor-element elementor-element-344cc9a elementor-widget elementor-widget-text-editor\" data-id=\"344cc9a\" data-element_type=\"widget\" data-e-type=\"widget\" data-widget_type=\"text-editor.default\">\n\t\t\t\t<div class=\"elementor-widget-container\">\n\t\t\t\t\t\t\t\t\t<h3>A3 &#8211; Nastavni plan i program za profesionalce i mlade<\/h3>\t\t\t\t\t\t\t\t<\/div>\n\t\t\t\t<\/div>\n\t\t\t\t<div class=\"elementor-element elementor-element-0bbac93 elementor-widget elementor-widget-text-editor\" data-id=\"0bbac93\" data-element_type=\"widget\" data-e-type=\"widget\" data-widget_type=\"text-editor.default\">\n\t\t\t\t<div class=\"elementor-widget-container\">\n\t\t\t\t\t\t\t\t\t<p>Glavni cilj ove aktivnosti je razvoj sveobuhvatnog nastavnog plana i programa za obuku pod nazivom &#8216;EMPOVER SDGs trening kurikulum&#8217; koji osposobljava i profesionalce (omladinske radnike i radnice) i ugro\u017eene mlade sa znanjem, ve\u0161tinama, aktivnostima i alatima potrebnim za efikasno u\u010denje o ciljevima odr\u017eivog razvoja. Kurikulum obuke c\u0301e biti pedago\u0161ko sredstvo koje c\u0301e pomoc\u0301i u\u010denicima da steknu osnovno razumevanje Agende 2030 i 17 ciljeva odr\u017eivog razvoja, i slu\u017eic\u0301e kao vodi\u010d za profesionalce (omladinske radnike i radnice) za kasnije sprovo\u0111enje pilot sesija. Uklju\u010dic\u0301e uvod u Agendu 2030, zna\u010daj aktivne uloge mladih na lokalnom, nacionalnom i me\u0111unarodnom nivou u vezi sa klimatskim promenama i razvijanju osec\u0301aja odgovornosti i u\u010de\u0161c\u0301a u dru\u0161tvu, kao i sveobuhvatnu studiju o 17 SDG.<\/p>\t\t\t\t\t\t\t\t<\/div>\n\t\t\t\t<\/div>\n\t\t\t\t<div class=\"elementor-element elementor-element-833ca91 elementor-align-center elementor-widget elementor-widget-button\" data-id=\"833ca91\" data-element_type=\"widget\" data-e-type=\"widget\" data-widget_type=\"button.default\">\n\t\t\t\t<div class=\"elementor-widget-container\">\n\t\t\t\t\t\t\t\t\t<div class=\"elementor-button-wrapper\">\n\t\t\t\t\t<a class=\"elementor-button elementor-button-link elementor-size-sm\" href=\"https:\/\/empowersdgs.eu\/wp-content\/uploads\/2025\/07\/REFINED_TRAINING-CURRICULUM_SRB.pdf\">\n\t\t\t\t\t\t<span class=\"elementor-button-content-wrapper\">\n\t\t\t\t\t\t\t\t\t<span class=\"elementor-button-text\">Read the pdf here<\/span>\n\t\t\t\t\t<\/span>\n\t\t\t\t\t<\/a>\n\t\t\t\t<\/div>\n\t\t\t\t\t\t\t\t<\/div>\n\t\t\t\t<\/div>\n\t\t\t\t\t<\/div>\n\t\t<\/div>\n\t\t\t\t\t<\/div>\n\t\t<\/section>\n\t\t\t\t<section class=\"elementor-section elementor-top-section elementor-element elementor-element-9b8d156 elementor-section-full_width elementor-section-height-default elementor-section-height-default\" data-id=\"9b8d156\" data-element_type=\"section\" data-e-type=\"section\">\n\t\t\t\t\t\t<div class=\"elementor-container elementor-column-gap-no\">\n\t\t\t\t\t<div class=\"elementor-column elementor-col-100 elementor-top-column elementor-element elementor-element-862e7e4\" data-id=\"862e7e4\" data-element_type=\"column\" data-e-type=\"column\">\n\t\t\t<div class=\"elementor-widget-wrap elementor-element-populated\">\n\t\t\t\t\t\t<div class=\"elementor-element elementor-element-0f19f42 elementor-widget elementor-widget-text-editor\" data-id=\"0f19f42\" data-element_type=\"widget\" data-e-type=\"widget\" data-widget_type=\"text-editor.default\">\n\t\t\t\t<div class=\"elementor-widget-container\">\n\t\t\t\t\t\t\t\t\t<h3>A4 &#8211; EMPOWER SDGs Gamification Iskustvo<\/h3>\t\t\t\t\t\t\t\t<\/div>\n\t\t\t\t<\/div>\n\t\t\t\t<div class=\"elementor-element elementor-element-a57df45 elementor-widget elementor-widget-text-editor\" data-id=\"a57df45\" data-element_type=\"widget\" data-e-type=\"widget\" data-widget_type=\"text-editor.default\">\n\t\t\t\t<div class=\"elementor-widget-container\">\n\t\t\t\t\t\t\t\t\t<p>Tokom Aktivnosti 4, partneri c\u0301e razviti interaktivnu veb platformu koja c\u0301e uklju\u010divati \u201eEmpoverSDGs Gamification Experience\u201c za evropsku omladinu, posebno ugro\u017eenu omladinu. Cilj je da se dve ciljne grupe (omladinski radnici i mladi iz manjinskih grupa) aktivno uklju\u010de u diskusije i aktivnosti u vezi sa 17 ciljeva odr\u017eivog razvoja. Kroz interaktivne elemente kao \u0161to su kvizovi, aktivnosti i izazovi integrisani u iskustvo gejmifikacije, platforma c\u0301e unaprediti njihova znanja, ve\u0161tine i kompetencije. Platforma c\u0301e biti direktno povezana sa veb sajtom projekta.<\/p>\t\t\t\t\t\t\t\t<\/div>\n\t\t\t\t<\/div>\n\t\t\t\t<div class=\"elementor-element elementor-element-8755b54 elementor-align-center elementor-widget elementor-widget-button\" data-id=\"8755b54\" data-element_type=\"widget\" data-e-type=\"widget\" data-widget_type=\"button.default\">\n\t\t\t\t<div class=\"elementor-widget-container\">\n\t\t\t\t\t\t\t\t\t<div class=\"elementor-button-wrapper\">\n\t\t\t\t\t<a class=\"elementor-button elementor-button-link elementor-size-sm\" href=\"https:\/\/play.unity.com\/en\/games\/08fa83e9-94d3-4958-888c-103f9ecce025\/empowersdgs\">\n\t\t\t\t\t\t<span class=\"elementor-button-content-wrapper\">\n\t\t\t\t\t\t\t\t\t<span class=\"elementor-button-text\">Gamification Experience<\/span>\n\t\t\t\t\t<\/span>\n\t\t\t\t\t<\/a>\n\t\t\t\t<\/div>\n\t\t\t\t\t\t\t\t<\/div>\n\t\t\t\t<\/div>\n\t\t\t\t\t<\/div>\n\t\t<\/div>\n\t\t\t\t\t<\/div>\n\t\t<\/section>\n\t\t\t\t<section class=\"elementor-section elementor-top-section elementor-element elementor-element-73d9a6c elementor-section-full_width elementor-section-height-default elementor-section-height-default\" data-id=\"73d9a6c\" data-element_type=\"section\" data-e-type=\"section\">\n\t\t\t\t\t\t<div class=\"elementor-container elementor-column-gap-no\">\n\t\t\t\t\t<div class=\"elementor-column elementor-col-100 elementor-top-column elementor-element elementor-element-d276bad\" data-id=\"d276bad\" data-element_type=\"column\" data-e-type=\"column\">\n\t\t\t<div class=\"elementor-widget-wrap elementor-element-populated\">\n\t\t\t\t\t\t<div class=\"elementor-element elementor-element-7c0231b elementor-widget elementor-widget-text-editor\" data-id=\"7c0231b\" data-element_type=\"widget\" data-e-type=\"widget\" data-widget_type=\"text-editor.default\">\n\t\t\t\t<div class=\"elementor-widget-container\">\n\t\t\t\t\t\t\t\t\t<h3>A5 &#8211; Pilotske sesije<\/h3>\t\t\t\t\t\t\t\t<\/div>\n\t\t\t\t<\/div>\n\t\t\t\t<div class=\"elementor-element elementor-element-859fcc5 elementor-widget elementor-widget-text-editor\" data-id=\"859fcc5\" data-element_type=\"widget\" data-e-type=\"widget\" data-widget_type=\"text-editor.default\">\n\t\t\t\t<div class=\"elementor-widget-container\">\n\t\t\t\t\t\t\t\t\t<p>EmpoverSDGs Gamification Ekperience c\u0301e testirati profesionalci iz partnerskih organizacija u okviru 1. izgradnje kapaciteta. Tokom 2. izgradnje kapaciteta, oni c\u0301e biti obu\u010deni o tome kako da predaju nastavni plan i program obuke.<br \/>Sledec\u0301a faza ove aktivnosti je faza pilotiranja sa ciljnim grupama. U pilot sesijama u\u010destvovac\u0301e 20 omladinskih radnika i 20 ugro\u017eenih mladih iz zemalja u\u010desnica.<\/p>\t\t\t\t\t\t\t\t<\/div>\n\t\t\t\t<\/div>\n\t\t\t\t\t<\/div>\n\t\t<\/div>\n\t\t\t\t\t<\/div>\n\t\t<\/section>\n\t\t\t\t<section class=\"elementor-section elementor-top-section elementor-element elementor-element-57e1a05 elementor-section-full_width elementor-section-height-default elementor-section-height-default\" data-id=\"57e1a05\" data-element_type=\"section\" data-e-type=\"section\">\n\t\t\t\t\t\t<div class=\"elementor-container elementor-column-gap-no\">\n\t\t\t\t\t<div class=\"elementor-column elementor-col-100 elementor-top-column elementor-element elementor-element-c07b80b\" data-id=\"c07b80b\" data-element_type=\"column\" data-e-type=\"column\">\n\t\t\t<div class=\"elementor-widget-wrap elementor-element-populated\">\n\t\t\t\t\t\t<div class=\"elementor-element elementor-element-6cadf7f elementor-widget elementor-widget-text-editor\" data-id=\"6cadf7f\" data-element_type=\"widget\" data-e-type=\"widget\" data-widget_type=\"text-editor.default\">\n\t\t\t\t<div class=\"elementor-widget-container\">\n\t\t\t\t\t\t\t\t\t<h3>A6 &#8211; \u0160irenje, komunikacija i odr\u017eivost<\/h3>\t\t\t\t\t\t\t\t<\/div>\n\t\t\t\t<\/div>\n\t\t\t\t<div class=\"elementor-element elementor-element-e7459e9 elementor-widget elementor-widget-text-editor\" data-id=\"e7459e9\" data-element_type=\"widget\" data-e-type=\"widget\" data-widget_type=\"text-editor.default\">\n\t\t\t\t<div class=\"elementor-widget-container\">\n\t\t\t\t\t\t\t\t\t<p>Glavni rezultati ove aktivnosti bic\u0301e razvoj strategije \u0161irenja projekta i sprovo\u0111enje svih promotivnih aktivnosti. U okviru ove aktivnosti bic\u0301e organizovani multiplikativni doga\u0111aji u svakoj partnerskoj zemlji (\u0160panija, Srbija, Turska) i zavr\u0161na konferencija u Atini, Gr\u010dka.<br \/>Aktivno kori\u0161c\u0301enje naloga na dru\u0161tvenim mre\u017eama i dinami\u010dko a\u017euriranje veb stranice c\u0301e odr\u017eati kriti\u010dnu masu redovnih posetilaca i dati projektu visoku vidljivost.<\/p>\t\t\t\t\t\t\t\t<\/div>\n\t\t\t\t<\/div>\n\t\t\t\t\t<\/div>\n\t\t<\/div>\n\t\t\t\t\t<\/div>\n\t\t<\/section>\n\t\t\t\t<\/div>\n\t\t","protected":false},"excerpt":{"rendered":"<p>A1 &#8211; Upravljanje projektom, evaluacija i prac\u0301enje Na\u0161 pristup menad\u017ementu je zasnovan na sveobuhvatnom skupu principa i metodologija koje osiguravaju kohezivno i efikasno partnerstvo. Koordinator, AHORA, preuzima vodec\u0301u ulogu u upravljanju projektom, usvajajuc\u0301i holisti\u010dki pristup. Strategija upravljanja nagla\u0161ava posvec\u0301enost partnerstva uspehu i efektivnosti projekta EMPOVERSDGS. Partnerstvo daje prioritet besprekornoj koordinaciji i razmeni informacija tokom \u017eivotnog&#8230;<\/p>\n","protected":false},"author":1,"featured_media":0,"parent":0,"menu_order":0,"comment_status":"closed","ping_status":"closed","template":"","meta":{"footnotes":""},"class_list":["post-1207","page","type-page","status-publish","hentry"],"_links":{"self":[{"href":"https:\/\/empowersdgs.eu\/index.php?rest_route=\/wp\/v2\/pages\/1207","targetHints":{"allow":["GET"]}}],"collection":[{"href":"https:\/\/empowersdgs.eu\/index.php?rest_route=\/wp\/v2\/pages"}],"about":[{"href":"https:\/\/empowersdgs.eu\/index.php?rest_route=\/wp\/v2\/types\/page"}],"author":[{"embeddable":true,"href":"https:\/\/empowersdgs.eu\/index.php?rest_route=\/wp\/v2\/users\/1"}],"replies":[{"embeddable":true,"href":"https:\/\/empowersdgs.eu\/index.php?rest_route=%2Fwp%2Fv2%2Fcomments&post=1207"}],"version-history":[{"count":10,"href":"https:\/\/empowersdgs.eu\/index.php?rest_route=\/wp\/v2\/pages\/1207\/revisions"}],"predecessor-version":[{"id":1255,"href":"https:\/\/empowersdgs.eu\/index.php?rest_route=\/wp\/v2\/pages\/1207\/revisions\/1255"}],"wp:attachment":[{"href":"https:\/\/empowersdgs.eu\/index.php?rest_route=%2Fwp%2Fv2%2Fmedia&parent=1207"}],"curies":[{"name":"wp","href":"https:\/\/api.w.org\/{rel}","templated":true}]}}