{"id":1183,"date":"2025-07-29T14:08:32","date_gmt":"2025-07-29T14:08:32","guid":{"rendered":"https:\/\/empowersdgs.eu\/?page_id=1183"},"modified":"2025-07-29T14:33:11","modified_gmt":"2025-07-29T14:33:11","slug":"elementor-1183","status":"publish","type":"page","link":"https:\/\/empowersdgs.eu\/?page_id=1183&lang=es","title":{"rendered":"Elementor #1183"},"content":{"rendered":"\t\t<div data-elementor-type=\"wp-page\" data-elementor-id=\"1183\" class=\"elementor elementor-1183\" data-elementor-post-type=\"page\">\n\t\t\t\t\t\t<section class=\"elementor-section elementor-top-section elementor-element elementor-element-40a3c31 elementor-section-boxed elementor-section-height-default elementor-section-height-default\" data-id=\"40a3c31\" data-element_type=\"section\" data-e-type=\"section\">\n\t\t\t\t\t\t<div class=\"elementor-container elementor-column-gap-default\">\n\t\t\t\t\t<div class=\"elementor-column elementor-col-100 elementor-top-column elementor-element elementor-element-83d6918\" data-id=\"83d6918\" data-element_type=\"column\" data-e-type=\"column\" data-settings=\"{&quot;background_background&quot;:&quot;classic&quot;}\">\n\t\t\t<div class=\"elementor-widget-wrap elementor-element-populated\">\n\t\t\t\t\t\t<div class=\"elementor-element elementor-element-bb872db elementor-nav-menu__align-center elementor-nav-menu--dropdown-tablet elementor-nav-menu__text-align-aside elementor-nav-menu--toggle elementor-nav-menu--burger elementor-widget elementor-widget-nav-menu\" data-id=\"bb872db\" data-element_type=\"widget\" data-e-type=\"widget\" data-settings=\"{&quot;layout&quot;:&quot;horizontal&quot;,&quot;submenu_icon&quot;:{&quot;value&quot;:&quot;&lt;svg aria-hidden=\\&quot;true\\&quot; class=\\&quot;e-font-icon-svg e-fas-caret-down\\&quot; viewBox=\\&quot;0 0 320 512\\&quot; xmlns=\\&quot;http:\\\/\\\/www.w3.org\\\/2000\\\/svg\\&quot;&gt;&lt;path d=\\&quot;M31.3 192h257.3c17.8 0 26.7 21.5 14.1 34.1L174.1 354.8c-7.8 7.8-20.5 7.8-28.3 0L17.2 226.1C4.6 213.5 13.5 192 31.3 192z\\&quot;&gt;&lt;\\\/path&gt;&lt;\\\/svg&gt;&quot;,&quot;library&quot;:&quot;fa-solid&quot;},&quot;toggle&quot;:&quot;burger&quot;}\" data-widget_type=\"nav-menu.default\">\n\t\t\t\t<div class=\"elementor-widget-container\">\n\t\t\t\t\t\t\t\t<nav aria-label=\"Menu\" class=\"elementor-nav-menu--main elementor-nav-menu__container elementor-nav-menu--layout-horizontal e--pointer-underline e--animation-fade\">\n\t\t\t\t<ul id=\"menu-1-bb872db\" class=\"elementor-nav-menu\"><li class=\"menu-item menu-item-type-post_type menu-item-object-page menu-item-home menu-item-493\"><a href=\"https:\/\/empowersdgs.eu\/\" class=\"elementor-item\">Home Base<\/a><\/li>\n<li class=\"menu-item menu-item-type-post_type menu-item-object-page menu-item-205\"><a href=\"https:\/\/empowersdgs.eu\/?page_id=204\" class=\"elementor-item\">Our Vision<\/a><\/li>\n<li class=\"menu-item menu-item-type-post_type menu-item-object-page menu-item-1282\"><a href=\"https:\/\/empowersdgs.eu\/?page_id=1127\" class=\"elementor-item\">Project Activities<\/a><\/li>\n<li class=\"menu-item menu-item-type-post_type menu-item-object-page menu-item-317\"><a href=\"https:\/\/empowersdgs.eu\/?page_id=316\" class=\"elementor-item\">Digital Map<\/a><\/li>\n<li class=\"menu-item menu-item-type-custom menu-item-object-custom menu-item-868\"><a href=\"https:\/\/play.unity.com\/en\/games\/480ac336-33cd-4c99-99a3-bbfc16c7e6d2\/empowersdgs\" class=\"elementor-item\">Gamification Experience<\/a><\/li>\n<li class=\"menu-item menu-item-type-custom menu-item-object-custom menu-item-24\"><a href=\"#pll_switcher\" class=\"elementor-item elementor-item-anchor\">Languages<\/a><\/li>\n<\/ul>\t\t\t<\/nav>\n\t\t\t\t\t<div class=\"elementor-menu-toggle\" role=\"button\" tabindex=\"0\" aria-label=\"Menu Toggle\" aria-expanded=\"false\">\n\t\t\t<svg aria-hidden=\"true\" role=\"presentation\" class=\"elementor-menu-toggle__icon--open e-font-icon-svg e-eicon-menu-bar\" viewBox=\"0 0 1000 1000\" xmlns=\"http:\/\/www.w3.org\/2000\/svg\"><path d=\"M104 333H896C929 333 958 304 958 271S929 208 896 208H104C71 208 42 237 42 271S71 333 104 333ZM104 583H896C929 583 958 554 958 521S929 458 896 458H104C71 458 42 487 42 521S71 583 104 583ZM104 833H896C929 833 958 804 958 771S929 708 896 708H104C71 708 42 737 42 771S71 833 104 833Z\"><\/path><\/svg><svg aria-hidden=\"true\" role=\"presentation\" class=\"elementor-menu-toggle__icon--close e-font-icon-svg e-eicon-close\" viewBox=\"0 0 1000 1000\" xmlns=\"http:\/\/www.w3.org\/2000\/svg\"><path d=\"M742 167L500 408 258 167C246 154 233 150 217 150 196 150 179 158 167 167 154 179 150 196 150 212 150 229 154 242 171 254L408 500 167 742C138 771 138 800 167 829 196 858 225 858 254 829L496 587 738 829C750 842 767 846 783 846 800 846 817 842 829 829 842 817 846 804 846 783 846 767 842 750 829 737L588 500 833 258C863 229 863 200 833 171 804 137 775 137 742 167Z\"><\/path><\/svg>\t\t<\/div>\n\t\t\t\t\t<nav class=\"elementor-nav-menu--dropdown elementor-nav-menu__container\" aria-hidden=\"true\">\n\t\t\t\t<ul id=\"menu-2-bb872db\" class=\"elementor-nav-menu\"><li class=\"menu-item menu-item-type-post_type menu-item-object-page menu-item-home menu-item-493\"><a href=\"https:\/\/empowersdgs.eu\/\" class=\"elementor-item\" tabindex=\"-1\">Home Base<\/a><\/li>\n<li class=\"menu-item menu-item-type-post_type menu-item-object-page menu-item-205\"><a href=\"https:\/\/empowersdgs.eu\/?page_id=204\" class=\"elementor-item\" tabindex=\"-1\">Our Vision<\/a><\/li>\n<li class=\"menu-item menu-item-type-post_type menu-item-object-page menu-item-1282\"><a href=\"https:\/\/empowersdgs.eu\/?page_id=1127\" class=\"elementor-item\" tabindex=\"-1\">Project Activities<\/a><\/li>\n<li class=\"menu-item menu-item-type-post_type menu-item-object-page menu-item-317\"><a href=\"https:\/\/empowersdgs.eu\/?page_id=316\" class=\"elementor-item\" tabindex=\"-1\">Digital Map<\/a><\/li>\n<li class=\"menu-item menu-item-type-custom menu-item-object-custom menu-item-868\"><a href=\"https:\/\/play.unity.com\/en\/games\/480ac336-33cd-4c99-99a3-bbfc16c7e6d2\/empowersdgs\" class=\"elementor-item\" tabindex=\"-1\">Gamification Experience<\/a><\/li>\n<li class=\"menu-item menu-item-type-custom menu-item-object-custom menu-item-24\"><a href=\"#pll_switcher\" class=\"elementor-item elementor-item-anchor\" tabindex=\"-1\">Languages<\/a><\/li>\n<\/ul>\t\t\t<\/nav>\n\t\t\t\t\t\t<\/div>\n\t\t\t\t<\/div>\n\t\t\t\t<div class=\"elementor-element elementor-element-ebae09f elementor-widget elementor-widget-spacer\" data-id=\"ebae09f\" data-element_type=\"widget\" data-e-type=\"widget\" data-widget_type=\"spacer.default\">\n\t\t\t\t<div class=\"elementor-widget-container\">\n\t\t\t\t\t\t\t<div class=\"elementor-spacer\">\n\t\t\t<div class=\"elementor-spacer-inner\"><\/div>\n\t\t<\/div>\n\t\t\t\t\t\t<\/div>\n\t\t\t\t<\/div>\n\t\t\t\t\t<\/div>\n\t\t<\/div>\n\t\t\t\t\t<\/div>\n\t\t<\/section>\n\t\t\t\t<section class=\"elementor-section elementor-top-section elementor-element elementor-element-09567b8 elementor-section-full_width elementor-section-height-default elementor-section-height-default\" data-id=\"09567b8\" data-element_type=\"section\" data-e-type=\"section\">\n\t\t\t\t\t\t<div class=\"elementor-container elementor-column-gap-no\">\n\t\t\t\t\t<div class=\"elementor-column elementor-col-100 elementor-top-column elementor-element elementor-element-0cecac9\" data-id=\"0cecac9\" data-element_type=\"column\" data-e-type=\"column\">\n\t\t\t<div class=\"elementor-widget-wrap elementor-element-populated\">\n\t\t\t\t\t\t<div class=\"elementor-element elementor-element-987b02f elementor-widget elementor-widget-text-editor\" data-id=\"987b02f\" data-element_type=\"widget\" data-e-type=\"widget\" data-widget_type=\"text-editor.default\">\n\t\t\t\t<div class=\"elementor-widget-container\">\n\t\t\t\t\t\t\t\t\t<h3>A1 &#8211; Gesti\u00f3n del Proyecto, Evaluaci\u00f3n y Monitoreo<\/h3>\t\t\t\t\t\t\t\t<\/div>\n\t\t\t\t<\/div>\n\t\t\t\t<div class=\"elementor-element elementor-element-9d92163 elementor-widget elementor-widget-text-editor\" data-id=\"9d92163\" data-element_type=\"widget\" data-e-type=\"widget\" data-widget_type=\"text-editor.default\">\n\t\t\t\t<div class=\"elementor-widget-container\">\n\t\t\t\t\t\t\t\t\t<p>Nuestro enfoque de gesti\u00f3n se basa en un conjunto integral de principios y metodolog\u00edas que garantizan una asociaci\u00f3n cohesiva y efectiva. El coordinador, AHORA ONG, desempe\u00f1a un papel principal en la gesti\u00f3n del proyecto, adoptando un enfoque hol\u00edstico. La estrategia de gesti\u00f3n subraya el compromiso de la asociaci\u00f3n con el \u00e9xito y la eficacia del proyecto EMPOWERSDGS. La asociaci\u00f3n prioriza la coordinaci\u00f3n sin problemas y el intercambio de informaci\u00f3n a lo largo del ciclo de vida del proyecto mediante la identificaci\u00f3n de medidas de impacto y posibles desaf\u00edos, as\u00ed como informes de seguimiento frecuentes y reuniones digitales.<\/p>\t\t\t\t\t\t\t\t<\/div>\n\t\t\t\t<\/div>\n\t\t\t\t\t<\/div>\n\t\t<\/div>\n\t\t\t\t\t<\/div>\n\t\t<\/section>\n\t\t\t\t<section class=\"elementor-section elementor-top-section elementor-element elementor-element-e037154 elementor-section-full_width elementor-section-height-default elementor-section-height-default\" data-id=\"e037154\" data-element_type=\"section\" data-e-type=\"section\">\n\t\t\t\t\t\t<div class=\"elementor-container elementor-column-gap-no\">\n\t\t\t\t\t<div class=\"elementor-column elementor-col-100 elementor-top-column elementor-element elementor-element-b5ad742\" data-id=\"b5ad742\" data-element_type=\"column\" data-e-type=\"column\">\n\t\t\t<div class=\"elementor-widget-wrap elementor-element-populated\">\n\t\t\t\t\t\t<div class=\"elementor-element elementor-element-cb08253 elementor-widget elementor-widget-text-editor\" data-id=\"cb08253\" data-element_type=\"widget\" data-e-type=\"widget\" data-widget_type=\"text-editor.default\">\n\t\t\t\t<div class=\"elementor-widget-container\">\n\t\t\t\t\t\t\t\t\t<h3>A2 &#8211; Investigaci\u00f3n sobre la Gamificaci\u00f3n del Aprendizaje de los ODS para la Inclusi\u00f3n<\/h3>\t\t\t\t\t\t\t\t<\/div>\n\t\t\t\t<\/div>\n\t\t\t\t<div class=\"elementor-element elementor-element-8c477be elementor-widget elementor-widget-text-editor\" data-id=\"8c477be\" data-element_type=\"widget\" data-e-type=\"widget\" data-widget_type=\"text-editor.default\">\n\t\t\t\t<div class=\"elementor-widget-container\">\n\t\t\t\t\t\t\t\t\t<p>Durante la ACTIVIDAD 2, los socios explorar\u00e1n buenas pr\u00e1cticas relacionadas con los ODS en diferentes pa\u00edses de la Uni\u00f3n Europea, con un enfoque particular en iniciativas que beneficien a grupos vulnerables. La recopilaci\u00f3n de las mejores pr\u00e1cticas se incluir\u00e1 en los dos resultados de esta actividad: la \u201cInvestigaci\u00f3n sobre la Gamificaci\u00f3n del Aprendizaje de los ODS para la Inclusi\u00f3n\u201d y en un \u201cMapa de Mejores Pr\u00e1cticas\u201d interactivo en el sitio web del proyecto. Los resultados de la ACTIVIDAD 2 ser\u00e1n \u00fatiles para el posterior desarrollo del plan de estudios de formaci\u00f3n y la experiencia de gamificaci\u00f3n.<\/p>\t\t\t\t\t\t\t\t<\/div>\n\t\t\t\t<\/div>\n\t\t\t\t<div class=\"elementor-element elementor-element-db3d38b elementor-align-center elementor-widget elementor-widget-button\" data-id=\"db3d38b\" data-element_type=\"widget\" data-e-type=\"widget\" data-widget_type=\"button.default\">\n\t\t\t\t<div class=\"elementor-widget-container\">\n\t\t\t\t\t\t\t\t\t<div class=\"elementor-button-wrapper\">\n\t\t\t\t\t<a class=\"elementor-button elementor-button-link elementor-size-sm\" href=\"https:\/\/empowersdgs.eu\/wp-content\/uploads\/2025\/07\/A2.Gamifying-SDGs-Learning-for-Inclusion-Research_ES_final.pdf\">\n\t\t\t\t\t\t<span class=\"elementor-button-content-wrapper\">\n\t\t\t\t\t\t\t\t\t<span class=\"elementor-button-text\">Read the pdf here<\/span>\n\t\t\t\t\t<\/span>\n\t\t\t\t\t<\/a>\n\t\t\t\t<\/div>\n\t\t\t\t\t\t\t\t<\/div>\n\t\t\t\t<\/div>\n\t\t\t\t\t<\/div>\n\t\t<\/div>\n\t\t\t\t\t<\/div>\n\t\t<\/section>\n\t\t\t\t<section class=\"elementor-section elementor-top-section elementor-element elementor-element-441c2fc elementor-section-full_width elementor-section-height-default elementor-section-height-default\" data-id=\"441c2fc\" data-element_type=\"section\" data-e-type=\"section\">\n\t\t\t\t\t\t<div class=\"elementor-container elementor-column-gap-no\">\n\t\t\t\t\t<div class=\"elementor-column elementor-col-100 elementor-top-column elementor-element elementor-element-a3e81ec\" data-id=\"a3e81ec\" data-element_type=\"column\" data-e-type=\"column\">\n\t\t\t<div class=\"elementor-widget-wrap elementor-element-populated\">\n\t\t\t\t\t\t<div class=\"elementor-element elementor-element-344cc9a elementor-widget elementor-widget-text-editor\" data-id=\"344cc9a\" data-element_type=\"widget\" data-e-type=\"widget\" data-widget_type=\"text-editor.default\">\n\t\t\t\t<div class=\"elementor-widget-container\">\n\t\t\t\t\t\t\t\t\t<h3>A3 &#8211; Plan de Estudios de Formaci\u00f3n para Profesionales y J\u00f3venes<\/h3>\t\t\t\t\t\t\t\t<\/div>\n\t\t\t\t<\/div>\n\t\t\t\t<div class=\"elementor-element elementor-element-0bbac93 elementor-widget elementor-widget-text-editor\" data-id=\"0bbac93\" data-element_type=\"widget\" data-e-type=\"widget\" data-widget_type=\"text-editor.default\">\n\t\t\t\t<div class=\"elementor-widget-container\">\n\t\t\t\t\t\t\t\t\t<p>El objetivo principal de esta ACTIVIDAD 3 es desarrollar un plan de estudios de formaci\u00f3n integral titulado \u201cPlan de Estudios de Formaci\u00f3n EMPOWER SDGs\u201d que dote tanto a los profesionales (trabajadores juveniles) como a los j\u00f3venes vulnerables de los conocimientos, habilidades, actividades y herramientas necesarias para un aprendizaje efectivo de los ODS. El plan de estudios de formaci\u00f3n ser\u00e1 una herramienta pedag\u00f3gica que ayudar\u00e1 a los estudiantes a adquirir una comprensi\u00f3n b\u00e1sica de la Agenda 2030 y los 17 ODS, y servir\u00e1 como gu\u00eda para los profesionales (trabajadores juveniles) para implementar posteriormente las Sesiones de Pilotaje. Incluir\u00e1 una introducci\u00f3n a la Agenda 2030, la importancia del papel activo de los j\u00f3venes a nivel local, nacional e internacional en relaci\u00f3n al cambio clim\u00e1tico y en el desarrollo de un sentido de responsabilidad y participaci\u00f3n en la sociedad, as\u00ed como un estudio exhaustivo de los 17 ODS.<\/p>\t\t\t\t\t\t\t\t<\/div>\n\t\t\t\t<\/div>\n\t\t\t\t<div class=\"elementor-element elementor-element-833ca91 elementor-align-center elementor-widget elementor-widget-button\" data-id=\"833ca91\" data-element_type=\"widget\" data-e-type=\"widget\" data-widget_type=\"button.default\">\n\t\t\t\t<div class=\"elementor-widget-container\">\n\t\t\t\t\t\t\t\t\t<div class=\"elementor-button-wrapper\">\n\t\t\t\t\t<a class=\"elementor-button elementor-button-link elementor-size-sm\" href=\"https:\/\/empowersdgs.eu\/wp-content\/uploads\/2025\/07\/REFINED_TRAINING-CURRICULUM_ES.pdf\">\n\t\t\t\t\t\t<span class=\"elementor-button-content-wrapper\">\n\t\t\t\t\t\t\t\t\t<span class=\"elementor-button-text\">Read the pdf here<\/span>\n\t\t\t\t\t<\/span>\n\t\t\t\t\t<\/a>\n\t\t\t\t<\/div>\n\t\t\t\t\t\t\t\t<\/div>\n\t\t\t\t<\/div>\n\t\t\t\t\t<\/div>\n\t\t<\/div>\n\t\t\t\t\t<\/div>\n\t\t<\/section>\n\t\t\t\t<section class=\"elementor-section elementor-top-section elementor-element elementor-element-9b8d156 elementor-section-full_width elementor-section-height-default elementor-section-height-default\" data-id=\"9b8d156\" data-element_type=\"section\" data-e-type=\"section\">\n\t\t\t\t\t\t<div class=\"elementor-container elementor-column-gap-no\">\n\t\t\t\t\t<div class=\"elementor-column elementor-col-100 elementor-top-column elementor-element elementor-element-862e7e4\" data-id=\"862e7e4\" data-element_type=\"column\" data-e-type=\"column\">\n\t\t\t<div class=\"elementor-widget-wrap elementor-element-populated\">\n\t\t\t\t\t\t<div class=\"elementor-element elementor-element-0f19f42 elementor-widget elementor-widget-text-editor\" data-id=\"0f19f42\" data-element_type=\"widget\" data-e-type=\"widget\" data-widget_type=\"text-editor.default\">\n\t\t\t\t<div class=\"elementor-widget-container\">\n\t\t\t\t\t\t\t\t\t<h3>A4 &#8211; Experiencia de Gamificaci\u00f3n EMPOWERSDGS<\/h3>\t\t\t\t\t\t\t\t<\/div>\n\t\t\t\t<\/div>\n\t\t\t\t<div class=\"elementor-element elementor-element-a57df45 elementor-widget elementor-widget-text-editor\" data-id=\"a57df45\" data-element_type=\"widget\" data-e-type=\"widget\" data-widget_type=\"text-editor.default\">\n\t\t\t\t<div class=\"elementor-widget-container\">\n\t\t\t\t\t\t\t\t\t<p>Durante la ACTIVIDAD 4, los socios desarrollar\u00e1n una plataforma web interactiva que incluir\u00e1 la \u201cExperiencia de Gamificaci\u00f3n EMPOWERSDGS\u201d para los j\u00f3venes europeos, especialmente los j\u00f3venes vulnerables. El objetivo es involucrar activamente a los dos grupos objetivos (trabajadores juveniles y minor\u00edas j\u00f3venes) en discusiones y actividades relacionadas con los 17 ODS. A trav\u00e9s de elementos interactivos como cuestionarios, actividades y desaf\u00edos integrados en la experiencia de gamificaci\u00f3n, la plataforma mejorar\u00e1 sus conocimientos, habilidades y competencias. La plataforma estar\u00e1 directamente vinculada a la p\u00e1gina web del proyecto.<\/p>\t\t\t\t\t\t\t\t<\/div>\n\t\t\t\t<\/div>\n\t\t\t\t<div class=\"elementor-element elementor-element-8755b54 elementor-align-center elementor-widget elementor-widget-button\" data-id=\"8755b54\" data-element_type=\"widget\" data-e-type=\"widget\" data-widget_type=\"button.default\">\n\t\t\t\t<div class=\"elementor-widget-container\">\n\t\t\t\t\t\t\t\t\t<div class=\"elementor-button-wrapper\">\n\t\t\t\t\t<a class=\"elementor-button elementor-button-link elementor-size-sm\" href=\"https:\/\/play.unity.com\/en\/games\/08fa83e9-94d3-4958-888c-103f9ecce025\/empowersdgs\">\n\t\t\t\t\t\t<span class=\"elementor-button-content-wrapper\">\n\t\t\t\t\t\t\t\t\t<span class=\"elementor-button-text\">Gamification Experience<\/span>\n\t\t\t\t\t<\/span>\n\t\t\t\t\t<\/a>\n\t\t\t\t<\/div>\n\t\t\t\t\t\t\t\t<\/div>\n\t\t\t\t<\/div>\n\t\t\t\t\t<\/div>\n\t\t<\/div>\n\t\t\t\t\t<\/div>\n\t\t<\/section>\n\t\t\t\t<section class=\"elementor-section elementor-top-section elementor-element elementor-element-73d9a6c elementor-section-full_width elementor-section-height-default elementor-section-height-default\" data-id=\"73d9a6c\" data-element_type=\"section\" data-e-type=\"section\">\n\t\t\t\t\t\t<div class=\"elementor-container elementor-column-gap-no\">\n\t\t\t\t\t<div class=\"elementor-column elementor-col-100 elementor-top-column elementor-element elementor-element-d276bad\" data-id=\"d276bad\" data-element_type=\"column\" data-e-type=\"column\">\n\t\t\t<div class=\"elementor-widget-wrap elementor-element-populated\">\n\t\t\t\t\t\t<div class=\"elementor-element elementor-element-7c0231b elementor-widget elementor-widget-text-editor\" data-id=\"7c0231b\" data-element_type=\"widget\" data-e-type=\"widget\" data-widget_type=\"text-editor.default\">\n\t\t\t\t<div class=\"elementor-widget-container\">\n\t\t\t\t\t\t\t\t\t<h3>A5 &#8211; Sesiones de Pilotaje<\/h3>\t\t\t\t\t\t\t\t<\/div>\n\t\t\t\t<\/div>\n\t\t\t\t<div class=\"elementor-element elementor-element-859fcc5 elementor-widget elementor-widget-text-editor\" data-id=\"859fcc5\" data-element_type=\"widget\" data-e-type=\"widget\" data-widget_type=\"text-editor.default\">\n\t\t\t\t<div class=\"elementor-widget-container\">\n\t\t\t\t\t\t\t\t\t<p>La Experiencia de Gamificaci\u00f3n EMPOWERSDGS ser\u00e1 probada por profesionales de las organizaciones asociadas en la 1\u00aa Capacitaci\u00f3n. Durante la 2\u00aa Capacitaci\u00f3n, recibir\u00e1n formaci\u00f3n sobre c\u00f3mo ense\u00f1ar el plan de estudios de formaci\u00f3n.<\/p><p>La siguiente etapa de esta ACTIVIDAD 5 es la fase de pruebas con los grupos objetivos. Participar\u00e1n 20 trabajadores juveniles y 20 j\u00f3venes vulnerables de los pa\u00edses participantes.<\/p>\t\t\t\t\t\t\t\t<\/div>\n\t\t\t\t<\/div>\n\t\t\t\t\t<\/div>\n\t\t<\/div>\n\t\t\t\t\t<\/div>\n\t\t<\/section>\n\t\t\t\t<section class=\"elementor-section elementor-top-section elementor-element elementor-element-57e1a05 elementor-section-full_width elementor-section-height-default elementor-section-height-default\" data-id=\"57e1a05\" data-element_type=\"section\" data-e-type=\"section\">\n\t\t\t\t\t\t<div class=\"elementor-container elementor-column-gap-no\">\n\t\t\t\t\t<div class=\"elementor-column elementor-col-100 elementor-top-column elementor-element elementor-element-c07b80b\" data-id=\"c07b80b\" data-element_type=\"column\" data-e-type=\"column\">\n\t\t\t<div class=\"elementor-widget-wrap elementor-element-populated\">\n\t\t\t\t\t\t<div class=\"elementor-element elementor-element-6cadf7f elementor-widget elementor-widget-text-editor\" data-id=\"6cadf7f\" data-element_type=\"widget\" data-e-type=\"widget\" data-widget_type=\"text-editor.default\">\n\t\t\t\t<div class=\"elementor-widget-container\">\n\t\t\t\t\t\t\t\t\t<h3>A6 &#8211; Difusi\u00f3n, comunicaci\u00f3n y sostenibilidad<\/h3>\t\t\t\t\t\t\t\t<\/div>\n\t\t\t\t<\/div>\n\t\t\t\t<div class=\"elementor-element elementor-element-e7459e9 elementor-widget elementor-widget-text-editor\" data-id=\"e7459e9\" data-element_type=\"widget\" data-e-type=\"widget\" data-widget_type=\"text-editor.default\">\n\t\t\t\t<div class=\"elementor-widget-container\">\n\t\t\t\t\t\t\t\t\t<p>Los principales resultados de esta ACTIVIDAD 6 ser\u00e1n el desarrollo de la estrategia de difusi\u00f3n del proyecto y la implementaci\u00f3n de todas las actividades promocionales. Los Eventos Multiplicadores en cada pa\u00eds asociado (Espa\u00f1a, Serbia, Turqu\u00eda) y la Conferencia Final en Atenas, Grecia, se organizar\u00e1n en el marco de esta actividad.<\/p><p>El uso activo de las cuentas de redes sociales y la actualizaci\u00f3n din\u00e1mica de la p\u00e1gina web mantendr\u00e1n un amplio n\u00famero de visitantes regulares y dar\u00e1n al proyecto una alta visibilidad.<\/p>\t\t\t\t\t\t\t\t<\/div>\n\t\t\t\t<\/div>\n\t\t\t\t\t<\/div>\n\t\t<\/div>\n\t\t\t\t\t<\/div>\n\t\t<\/section>\n\t\t\t\t<\/div>\n\t\t","protected":false},"excerpt":{"rendered":"<p>A1 &#8211; Gesti\u00f3n del Proyecto, Evaluaci\u00f3n y Monitoreo Nuestro enfoque de gesti\u00f3n se basa en un conjunto integral de principios y metodolog\u00edas que garantizan una asociaci\u00f3n cohesiva y efectiva. El coordinador, AHORA ONG, desempe\u00f1a un papel principal en la gesti\u00f3n del proyecto, adoptando un enfoque hol\u00edstico. La estrategia de gesti\u00f3n subraya el compromiso de la&#8230;<\/p>\n","protected":false},"author":1,"featured_media":0,"parent":0,"menu_order":0,"comment_status":"closed","ping_status":"closed","template":"","meta":{"footnotes":""},"class_list":["post-1183","page","type-page","status-publish","hentry"],"_links":{"self":[{"href":"https:\/\/empowersdgs.eu\/index.php?rest_route=\/wp\/v2\/pages\/1183","targetHints":{"allow":["GET"]}}],"collection":[{"href":"https:\/\/empowersdgs.eu\/index.php?rest_route=\/wp\/v2\/pages"}],"about":[{"href":"https:\/\/empowersdgs.eu\/index.php?rest_route=\/wp\/v2\/types\/page"}],"author":[{"embeddable":true,"href":"https:\/\/empowersdgs.eu\/index.php?rest_route=\/wp\/v2\/users\/1"}],"replies":[{"embeddable":true,"href":"https:\/\/empowersdgs.eu\/index.php?rest_route=%2Fwp%2Fv2%2Fcomments&post=1183"}],"version-history":[{"count":10,"href":"https:\/\/empowersdgs.eu\/index.php?rest_route=\/wp\/v2\/pages\/1183\/revisions"}],"predecessor-version":[{"id":1243,"href":"https:\/\/empowersdgs.eu\/index.php?rest_route=\/wp\/v2\/pages\/1183\/revisions\/1243"}],"wp:attachment":[{"href":"https:\/\/empowersdgs.eu\/index.php?rest_route=%2Fwp%2Fv2%2Fmedia&parent=1183"}],"curies":[{"name":"wp","href":"https:\/\/api.w.org\/{rel}","templated":true}]}}